{"id":2,"date":"2024-02-04T21:07:39","date_gmt":"2024-02-04T20:07:39","guid":{"rendered":"http:\/\/tertiair.fr\/?page_id=2"},"modified":"2024-08-18T18:35:01","modified_gmt":"2024-08-18T16:35:01","slug":"mentions-legales","status":"publish","type":"page","link":"https:\/\/tertiair.fr\/index.php\/mentions-legales\/","title":{"rendered":"Mentions l\u00e9gales"},"content":{"rendered":"\n<h2 class=\"wp-block-heading has-large-font-size\">Propri\u00e9t\u00e9 du site<\/h2>\n\n\n\n<p>Le site internet est \u00e9dit\u00e9 par la soci\u00e9t\u00e9 TERTAIR&rsquo;, actuellement en cours de formation. TERTAIR&rsquo; est une SAS au capital social de 1000\u20ac, dont le si\u00e8ge social est situ\u00e9 au 4 rue du Fer \u00e0 moulin, Paris 75005. Le num\u00e9ro SIRET de la soci\u00e9t\u00e9 est en cours de formation. Vous pouvez contacter la soci\u00e9t\u00e9 par email \u00e0 l&rsquo;adresse suivante : <a href=\"mailto:melvyne.corcher@tertiair.fr\">melvyne.corcher@tertiair.fr<\/a>.<\/p>\n\n\n\n<p>Le site est h\u00e9berg\u00e9 par Ionos, une EURL immatricul\u00e9e au RCS de Sarreguemines sous le num\u00e9ro B 431 303 775, avec le code APE (NAF) 6311Z et le num\u00e9ro de TVA FR 13 431 303 775. Le si\u00e8ge social de l&rsquo;h\u00e9bergeur est situ\u00e9 au 7 place de la Gare, 57200 Sarreguemines, France.<\/p>\n\n\n\n<p>Le directeur de la publication est Melvyne Corcher, pr\u00e9sident et CEO de TERTAIR&rsquo; SAS (soci\u00e9t\u00e9 en cours de formation).<\/p>\n\n\n\n<h2 class=\"wp-block-heading has-large-font-size\">H\u00e9bergeur<\/h2>\n\n\n\n<p>Le site est h\u00e9berg\u00e9 par Ionos, une EURL immatricul\u00e9e au RCS de Sarreguemines sous le num\u00e9ro B 431 303 775, avec le code APE (NAF) 6311Z et le num\u00e9ro de TVA FR 13 431 303 775. Le si\u00e8ge social de l&rsquo;h\u00e9bergeur est situ\u00e9 au 7 place de la Gare, 57200 Sarreguemines, France.<\/p>\n\n\n\n<h2 class=\"wp-block-heading has-large-font-size\">Propri\u00e9t\u00e9 intellectuelle :<\/h2>\n\n\n\n<p>Les contenus pr\u00e9sents sur ce site (textes, images, illustrations, photographies, logos, etc.) sont prot\u00e9g\u00e9s par le droit d&rsquo;auteur et autres droits de propri\u00e9t\u00e9 intellectuelle. Toute reproduction, repr\u00e9sentation, modification, publication, adaptation de tout ou partie des \u00e9l\u00e9ments du site, quel que soit le moyen ou le proc\u00e9d\u00e9 utilis\u00e9, est interdite, sauf autorisation \u00e9crite pr\u00e9alable de TERTAIR&rsquo;. Toute exploitation non autoris\u00e9e du site ou de l&rsquo;un des \u00e9l\u00e9ments qu&rsquo;il contient sera consid\u00e9r\u00e9e comme constitutive d\u2019une contrefa\u00e7on et poursuivie conform\u00e9ment aux dispositions des articles L.335-2 et suivants du Code de Propri\u00e9t\u00e9 Intellectuelle.<\/p>\n\n\n\n<p><strong>Utilisation des donn\u00e9es personnelles et gestion des cookies :<\/strong><\/p>\n\n\n\n<p>Conform\u00e9ment au R\u00e8glement G\u00e9n\u00e9ral sur la Protection des Donn\u00e9es (RGPD) en vigueur depuis le 25 mai 2018, TERTAIR&rsquo; s&rsquo;engage \u00e0 ce que la collecte et le traitement des donn\u00e9es personnelles soient effectu\u00e9s de mani\u00e8re licite, loyale et transparente.<\/p>\n\n\n\n<p><strong>Finalit\u00e9s de la collecte des donn\u00e9es par les cookies :<\/strong><\/p>\n\n\n\n<p>Les cookies utilis\u00e9s sur ce site permettent de faciliter la navigation sur le site et d&rsquo;assurer la s\u00e9curit\u00e9 et la performance des services propos\u00e9s, d&rsquo;analyser le comportement des utilisateurs afin d&rsquo;am\u00e9liorer l&rsquo;exp\u00e9rience utilisateur, et de collecter des donn\u00e9es \u00e0 des fins publicitaires et marketing.<\/p>\n\n\n\n<p><strong>Base juridique du traitement de donn\u00e9es :<\/strong><\/p>\n\n\n\n<p>Le traitement des donn\u00e9es personnelles repose sur les bases l\u00e9gales suivantes : le consentement des utilisateurs au traitement de leurs donn\u00e9es personnelles en acceptant la politique de gestion des cookies et l\u2019int\u00e9r\u00eat l\u00e9gitime de TERTAIR&rsquo; ou de tiers, dans le strict respect des droits et int\u00e9r\u00eats des personnes dont les donn\u00e9es sont trait\u00e9es.<\/p>\n\n\n\n<p><strong>Destinataires des donn\u00e9es personnelles :<\/strong><\/p>\n\n\n\n<p>Les donn\u00e9es personnelles collect\u00e9es sur le site sont destin\u00e9es \u00e0 TERTAIR&rsquo;, responsable du traitement des donn\u00e9es, et \u00e0 l&rsquo;h\u00e9bergeur du site, Ionos, pour l&rsquo;ex\u00e9cution des services d&rsquo;h\u00e9bergement.<\/p>\n\n\n\n<p><strong>Transferts des donn\u00e9es personnelles hors Union europ\u00e9enne :<\/strong><\/p>\n\n\n\n<p>Les donn\u00e9es personnelles ne sont pas transf\u00e9r\u00e9es hors de l&rsquo;Union europ\u00e9enne. Si un transfert devait avoir lieu, TERTAIR&rsquo; s&rsquo;engage \u00e0 informer les utilisateurs et \u00e0 mettre en \u0153uvre les mesures de protection n\u00e9cessaires conform\u00e9ment au RGPD.<\/p>\n\n\n\n<p><strong>Droits des utilisateurs sur leurs donn\u00e9es personnelles :<\/strong><\/p>\n\n\n\n<p>Conform\u00e9ment au RGPD, les utilisateurs disposent des droits suivants sur leurs donn\u00e9es personnelles : droit d&rsquo;acc\u00e8s, droit de rectification, droit d&rsquo;opposition, droit d&rsquo;effacement. Pour exercer ces droits, les utilisateurs peuvent contacter TERTAIR&rsquo; \u00e0 l&rsquo;adresse mail suivante : melvyne.corcher@tertiair.fr.<\/p>\n\n\n\n<p>Les coordonn\u00e9es du D\u00e9l\u00e9gu\u00e9 \u00e0 la protection des donn\u00e9es seront fournies d\u00e8s que la soci\u00e9t\u00e9 sera constitu\u00e9e.<\/p>\n\n\n\n<p>En visitant ce site, vous acceptez les termes de ces mentions l\u00e9gales et la politique de gestion des cookies. Pour plus d&rsquo;informations, veuillez contacter TERTAIR&rsquo; \u00e0 <a href=\"mailto:melvyne.corcher@tertiair.fr\">melvyne.corcher@tertiair.fr<\/a>.<\/p>\n\n\n\n<p>Copyright \u00a9 2024 Tertiair\u2019 &#8211; All Rights Reserved<\/p>\n\n\n\n<p><\/p>\n","protected":false},"excerpt":{"rendered":"<p>Propri\u00e9t\u00e9 du site Le site internet est \u00e9dit\u00e9 par la soci\u00e9t\u00e9 TERTAIR&rsquo;, actuellement en cours de formation. TERTAIR&rsquo; est une SAS au capital social de 1000\u20ac, dont le si\u00e8ge social est situ\u00e9 au 4 rue du Fer \u00e0 moulin, Paris 75005. Le num\u00e9ro SIRET de la soci\u00e9t\u00e9 est en cours de formation. Vous pouvez contacter [&hellip;]<\/p>\n","protected":false},"author":1,"featured_media":0,"parent":0,"menu_order":0,"comment_status":"closed","ping_status":"closed","template":"","meta":{"_eb_attr":"","site-sidebar-layout":"default","site-content-layout":"","ast-site-content-layout":"default","site-content-style":"default","site-sidebar-style":"default","ast-global-header-display":"","ast-banner-title-visibility":"","ast-main-header-display":"","ast-hfb-above-header-display":"","ast-hfb-below-header-display":"","ast-hfb-mobile-header-display":"","site-post-title":"","ast-breadcrumbs-content":"","ast-featured-img":"","footer-sml-layout":"","theme-transparent-header-meta":"","adv-header-id-meta":"","stick-header-meta":"","header-above-stick-meta":"","header-main-stick-meta":"","header-below-stick-meta":"","astra-migrate-meta-layouts":"set","ast-page-background-enabled":"default","ast-page-background-meta":{"desktop":{"background-color":"","background-image":"","background-repeat":"repeat","background-position":"center center","background-size":"auto","background-attachment":"scroll","background-type":"","background-media":"","overlay-type":"","overlay-color":"","overlay-opacity":"","overlay-gradient":""},"tablet":{"background-color":"","background-image":"","background-repeat":"repeat","background-position":"center center","background-size":"auto","background-attachment":"scroll","background-type":"","background-media":"","overlay-type":"","overlay-color":"","overlay-opacity":"","overlay-gradient":""},"mobile":{"background-color":"","background-image":"","background-repeat":"repeat","background-position":"center center","background-size":"auto","background-attachment":"scroll","background-type":"","background-media":"","overlay-type":"","overlay-color":"","overlay-opacity":"","overlay-gradient":""}},"ast-content-background-meta":{"desktop":{"background-color":"var(--ast-global-color-5)","background-image":"","background-repeat":"repeat","background-position":"center center","background-size":"auto","background-attachment":"scroll","background-type":"","background-media":"","overlay-type":"","overlay-color":"","overlay-opacity":"","overlay-gradient":""},"tablet":{"background-color":"var(--ast-global-color-5)","background-image":"","background-repeat":"repeat","background-position":"center center","background-size":"auto","background-attachment":"scroll","background-type":"","background-media":"","overlay-type":"","overlay-color":"","overlay-opacity":"","overlay-gradient":""},"mobile":{"background-color":"var(--ast-global-color-5)","background-image":"","background-repeat":"repeat","background-position":"center center","background-size":"auto","background-attachment":"scroll","background-type":"","background-media":"","overlay-type":"","overlay-color":"","overlay-opacity":"","overlay-gradient":""}},"footnotes":""},"class_list":["post-2","page","type-page","status-publish","hentry"],"yoast_head":"<!-- This site is optimized with the Yoast SEO plugin v23.9 - https:\/\/yoast.com\/wordpress\/plugins\/seo\/ -->\n<title>Mentions l\u00e9gales - Tertiair&#039;<\/title>\n<meta name=\"robots\" content=\"index, follow, max-snippet:-1, max-image-preview:large, max-video-preview:-1\" \/>\n<link rel=\"canonical\" href=\"https:\/\/tertiair.fr\/index.php\/mentions-legales\/\" \/>\n<meta property=\"og:locale\" content=\"fr_FR\" \/>\n<meta property=\"og:type\" content=\"article\" \/>\n<meta property=\"og:title\" content=\"Mentions l\u00e9gales - Tertiair&#039;\" \/>\n<meta property=\"og:description\" content=\"Propri\u00e9t\u00e9 du site Le site internet est \u00e9dit\u00e9 par la soci\u00e9t\u00e9 TERTAIR&rsquo;, actuellement en cours de formation. TERTAIR&rsquo; est une SAS au capital social de 1000\u20ac, dont le si\u00e8ge social est situ\u00e9 au 4 rue du Fer \u00e0 moulin, Paris 75005. Le num\u00e9ro SIRET de la soci\u00e9t\u00e9 est en cours de formation. Vous pouvez contacter [&hellip;]\" \/>\n<meta property=\"og:url\" content=\"https:\/\/tertiair.fr\/index.php\/mentions-legales\/\" \/>\n<meta property=\"og:site_name\" content=\"Tertiair&#039;\" \/>\n<meta property=\"article:modified_time\" content=\"2024-08-18T16:35:01+00:00\" \/>\n<meta name=\"twitter:card\" content=\"summary_large_image\" \/>\n<meta name=\"twitter:label1\" content=\"Dur\u00e9e de lecture estim\u00e9e\" \/>\n\t<meta name=\"twitter:data1\" content=\"3 minutes\" \/>\n<script type=\"application\/ld+json\" class=\"yoast-schema-graph\">{\"@context\":\"https:\/\/schema.org\",\"@graph\":[{\"@type\":\"WebPage\",\"@id\":\"https:\/\/tertiair.fr\/index.php\/mentions-legales\/\",\"url\":\"https:\/\/tertiair.fr\/index.php\/mentions-legales\/\",\"name\":\"Mentions l\u00e9gales - Tertiair&#039;\",\"isPartOf\":{\"@id\":\"https:\/\/tertiair.fr\/#website\"},\"datePublished\":\"2024-02-04T20:07:39+00:00\",\"dateModified\":\"2024-08-18T16:35:01+00:00\",\"breadcrumb\":{\"@id\":\"https:\/\/tertiair.fr\/index.php\/mentions-legales\/#breadcrumb\"},\"inLanguage\":\"fr-FR\",\"potentialAction\":[{\"@type\":\"ReadAction\",\"target\":[\"https:\/\/tertiair.fr\/index.php\/mentions-legales\/\"]}]},{\"@type\":\"BreadcrumbList\",\"@id\":\"https:\/\/tertiair.fr\/index.php\/mentions-legales\/#breadcrumb\",\"itemListElement\":[{\"@type\":\"ListItem\",\"position\":1,\"name\":\"Home\",\"item\":\"https:\/\/tertiair.fr\/\"},{\"@type\":\"ListItem\",\"position\":2,\"name\":\"Mentions l\u00e9gales\"}]},{\"@type\":\"WebSite\",\"@id\":\"https:\/\/tertiair.fr\/#website\",\"url\":\"https:\/\/tertiair.fr\/\",\"name\":\"Tertiair&#039;\",\"description\":\"Le d\u00e9cret tertiaire\",\"publisher\":{\"@id\":\"https:\/\/tertiair.fr\/#organization\"},\"potentialAction\":[{\"@type\":\"SearchAction\",\"target\":{\"@type\":\"EntryPoint\",\"urlTemplate\":\"https:\/\/tertiair.fr\/?s={search_term_string}\"},\"query-input\":{\"@type\":\"PropertyValueSpecification\",\"valueRequired\":true,\"valueName\":\"search_term_string\"}}],\"inLanguage\":\"fr-FR\"},{\"@type\":\"Organization\",\"@id\":\"https:\/\/tertiair.fr\/#organization\",\"name\":\"Tertiair&#039;\",\"url\":\"https:\/\/tertiair.fr\/\",\"logo\":{\"@type\":\"ImageObject\",\"inLanguage\":\"fr-FR\",\"@id\":\"https:\/\/tertiair.fr\/#\/schema\/logo\/image\/\",\"url\":\"https:\/\/tertiair.fr\/wp-content\/uploads\/2020\/02\/logo-tertiair-blanc.png\",\"contentUrl\":\"https:\/\/tertiair.fr\/wp-content\/uploads\/2020\/02\/logo-tertiair-blanc.png\",\"width\":1600,\"height\":1053,\"caption\":\"Tertiair&#039;\"},\"image\":{\"@id\":\"https:\/\/tertiair.fr\/#\/schema\/logo\/image\/\"}}]}<\/script>\n<!-- \/ Yoast SEO plugin. -->","yoast_head_json":{"title":"Mentions l\u00e9gales - Tertiair&#039;","robots":{"index":"index","follow":"follow","max-snippet":"max-snippet:-1","max-image-preview":"max-image-preview:large","max-video-preview":"max-video-preview:-1"},"canonical":"https:\/\/tertiair.fr\/index.php\/mentions-legales\/","og_locale":"fr_FR","og_type":"article","og_title":"Mentions l\u00e9gales - Tertiair&#039;","og_description":"Propri\u00e9t\u00e9 du site Le site internet est \u00e9dit\u00e9 par la soci\u00e9t\u00e9 TERTAIR&rsquo;, actuellement en cours de formation. TERTAIR&rsquo; est une SAS au capital social de 1000\u20ac, dont le si\u00e8ge social est situ\u00e9 au 4 rue du Fer \u00e0 moulin, Paris 75005. Le num\u00e9ro SIRET de la soci\u00e9t\u00e9 est en cours de formation. Vous pouvez contacter [&hellip;]","og_url":"https:\/\/tertiair.fr\/index.php\/mentions-legales\/","og_site_name":"Tertiair&#039;","article_modified_time":"2024-08-18T16:35:01+00:00","twitter_card":"summary_large_image","twitter_misc":{"Dur\u00e9e de lecture estim\u00e9e":"3 minutes"},"schema":{"@context":"https:\/\/schema.org","@graph":[{"@type":"WebPage","@id":"https:\/\/tertiair.fr\/index.php\/mentions-legales\/","url":"https:\/\/tertiair.fr\/index.php\/mentions-legales\/","name":"Mentions l\u00e9gales - Tertiair&#039;","isPartOf":{"@id":"https:\/\/tertiair.fr\/#website"},"datePublished":"2024-02-04T20:07:39+00:00","dateModified":"2024-08-18T16:35:01+00:00","breadcrumb":{"@id":"https:\/\/tertiair.fr\/index.php\/mentions-legales\/#breadcrumb"},"inLanguage":"fr-FR","potentialAction":[{"@type":"ReadAction","target":["https:\/\/tertiair.fr\/index.php\/mentions-legales\/"]}]},{"@type":"BreadcrumbList","@id":"https:\/\/tertiair.fr\/index.php\/mentions-legales\/#breadcrumb","itemListElement":[{"@type":"ListItem","position":1,"name":"Home","item":"https:\/\/tertiair.fr\/"},{"@type":"ListItem","position":2,"name":"Mentions l\u00e9gales"}]},{"@type":"WebSite","@id":"https:\/\/tertiair.fr\/#website","url":"https:\/\/tertiair.fr\/","name":"Tertiair&#039;","description":"Le d\u00e9cret tertiaire","publisher":{"@id":"https:\/\/tertiair.fr\/#organization"},"potentialAction":[{"@type":"SearchAction","target":{"@type":"EntryPoint","urlTemplate":"https:\/\/tertiair.fr\/?s={search_term_string}"},"query-input":{"@type":"PropertyValueSpecification","valueRequired":true,"valueName":"search_term_string"}}],"inLanguage":"fr-FR"},{"@type":"Organization","@id":"https:\/\/tertiair.fr\/#organization","name":"Tertiair&#039;","url":"https:\/\/tertiair.fr\/","logo":{"@type":"ImageObject","inLanguage":"fr-FR","@id":"https:\/\/tertiair.fr\/#\/schema\/logo\/image\/","url":"https:\/\/tertiair.fr\/wp-content\/uploads\/2020\/02\/logo-tertiair-blanc.png","contentUrl":"https:\/\/tertiair.fr\/wp-content\/uploads\/2020\/02\/logo-tertiair-blanc.png","width":1600,"height":1053,"caption":"Tertiair&#039;"},"image":{"@id":"https:\/\/tertiair.fr\/#\/schema\/logo\/image\/"}}]}},"_links":{"self":[{"href":"https:\/\/tertiair.fr\/index.php\/wp-json\/wp\/v2\/pages\/2","targetHints":{"allow":["GET"]}}],"collection":[{"href":"https:\/\/tertiair.fr\/index.php\/wp-json\/wp\/v2\/pages"}],"about":[{"href":"https:\/\/tertiair.fr\/index.php\/wp-json\/wp\/v2\/types\/page"}],"author":[{"embeddable":true,"href":"https:\/\/tertiair.fr\/index.php\/wp-json\/wp\/v2\/users\/1"}],"replies":[{"embeddable":true,"href":"https:\/\/tertiair.fr\/index.php\/wp-json\/wp\/v2\/comments?post=2"}],"version-history":[{"count":0,"href":"https:\/\/tertiair.fr\/index.php\/wp-json\/wp\/v2\/pages\/2\/revisions"}],"wp:attachment":[{"href":"https:\/\/tertiair.fr\/index.php\/wp-json\/wp\/v2\/media?parent=2"}],"curies":[{"name":"wp","href":"https:\/\/api.w.org\/{rel}","templated":true}]}}